{"id":24,"date":"2009-02-15T17:49:38","date_gmt":"2009-02-15T16:49:38","guid":{"rendered":"http:\/\/www.ottotroll.de\/wp\/?page_id=24"},"modified":"2025-08-23T00:00:11","modified_gmt":"2025-08-22T22:00:11","slug":"werdegang","status":"publish","type":"page","link":"https:\/\/www.ottotroll.de\/wp\/werdegang\/","title":{"rendered":"Ausstellungen"},"content":{"rendered":"<div id=\"attachment_39\" style=\"width: 250px\" class=\"wp-caption alignright\"><img aria-describedby=\"caption-attachment-39\" decoding=\"async\" class=\"size-full wp-image-39\" title=\"ottotroll\" src=\"https:\/\/www.ottotroll.de\/wp\/wp-content\/gallery\/einzelbilder\/ottotroll2.jpg\" alt=\"Otto Troll\" width=\"240\"><p id=\"caption-attachment-39\" class=\"wp-caption-text\">Otto Troll<\/p><\/div>\n<p><strong>Austellungen<\/strong><\/p>\n<p>1990&nbsp;&nbsp;&nbsp; Lehrer als Hobbyk\u00fcnstler, N\u00f6rdlingen<\/p>\n<p>1993 und 1994&nbsp;&nbsp;&nbsp; Nordschw\u00e4bische Kunstausstellung, Donauw\u00f6rth<\/p>\n<p>2003&nbsp;&nbsp;&nbsp; 2. offene Ateliertage, N\u00f6rdlingen<\/p>\n<p>2005&nbsp;&nbsp;&nbsp; 3. offene Ateliertage, N\u00f6rdlingen<\/p>\n<p>2005&nbsp;&nbsp;&nbsp; &#8222;Kopf und K\u00f6rper&#8220;, Ausstellung im Schloss Reimlingen<\/p>\n<p>2005&nbsp;&nbsp;&nbsp; &#8222;Kunst im Weinhof&#8220;, Malerei und Skulpturen in der Weinhandlung Binninger, N\u00f6rdlingen<\/p>\n<p>2007&nbsp;&nbsp;&nbsp; 4. offene Ateliertage, N\u00f6rdlingen<\/p>\n<p>2008&nbsp;&nbsp;&nbsp; Einzelausstellung im N\u00f6rdlinger Ochsenzwinger innerhalb der Rieser Kulturtage:<br>&#8222;Das Gesamtwerk&#8220;<\/p>\n<p>2009 &nbsp;&nbsp; &#8222;Zwischenstation&#8220; &#8211; Gruppenausstellung im Stiftungskrankenhaus N\u00f6rdlingen<\/p>\n<p>2009&nbsp;&nbsp;&nbsp; 5. offene Ateliertage, N\u00f6rdlingen<\/p>\n<p>2009 &nbsp; &nbsp;1. Bopfinger Kunstsommer<\/p>\n<p>2009&nbsp;&nbsp;&nbsp; Pr\u00e4sentation von 13 Skulpturen im Einrichtungshaus Schieber in Bopfingen<\/p>\n<p>2010&nbsp;&nbsp;&nbsp; Gruppenausstellung der N\u00f6rdlinger K\u00fcnstler bei den Rieser Kulturtagen im Ochsenzwinger zum Thema&nbsp; &#8222;Impakt&#8220;<\/p>\n<p style=\"text-align: justify;\">2010&nbsp;&nbsp;&nbsp; Partnerschaft der St\u00e4dte Olomouc und N\u00f6rdlingen: 16. Sept. bis 10. Okt.: Wolfgang Mussgnug, Hans-J\u00fcrgen Kintrup, Rudi Kuntsch und Otto Troll aus N\u00f6rdlingen sowie Miroslav Snajdr, Milena Valuskova, Zdenek Stefka und Jana B\u00e9barov\u00e1 aus Olomouc stellen in der N\u00f6rdlinger Schranne aus.<\/p>\n<p style=\"text-align: justify;\">2011&nbsp;&nbsp;&nbsp;&nbsp; Das \u00c4rztehaus &#8222;Maximilium&#8220; in Donauw\u00f6rth beherbergt unter anderem die Orthop\u00e4dische Gemeinschaftspraxis K\u00f6hler\/Fredrich\/Fr\u00e4nkel und Nissl. Hier pr\u00e4sentiert Otto Troll in den Monaten April\/Mai 12 Skulpturen, die&nbsp;den Praxisr\u00e4umen&nbsp;ein v\u00f6llig neues Ambiente verleihen.<\/p>\n<p style=\"text-align: justify;\">2012&nbsp;&nbsp; Der Capmarkt In N\u00f6rdlingen feiert sein f\u00fcnfj\u00e4hriges Bestehen. Otto Troll umrahmt das Festprogramm mit einer Ausstellung von neun Skulpturen. Kunst im Supermarkt &#8211; spannend und nicht allt\u00e4glich. Vernissage am 20. Juli, Dauer der Ausstellung bis 28. Juli 2012.<\/p>\n<p style=\"text-align: justify;\">2012&nbsp;&nbsp;&nbsp; Gruppenausstellung in der N\u00f6rdlinger Schranne mit dem Titel &#8222;a mol zwischendurch &#8211; ebbas miteinander&#8220; vom 22. bis 25. November. Otto Troll zeigt neue Skulpturen, erstmals auch aus gebranntem und glasiertem Ton. Mit dabei: Gerlinde W\u00f6llmer (Ulm), Dietmar Zankel (Karlsruhe), Veronika Jehl-Hampp, Danijela Umievic, Siegfried Smetz, Gerhild Luther und Albert Lanzinner (alle N\u00f6rdlingen).<\/p>\n<p>2013 &nbsp;&nbsp;&nbsp; Teilnahme an den 7. offenen Ateliertagen der Stadt N\u00f6rdlingen. 21 Ateliers und Werkst\u00e4tten \u00f6ffnen vom 26. bis zum 28. April 2013 ihre Pforten.<\/p>\n<p>2013&nbsp;&nbsp;&nbsp;&nbsp; Pr\u00e4sentation von 20 Skulpturen unter dem Titel &#8222;Neue K\u00f6pfe braucht das Land&#8220; im neuen Ausstellungsgeb\u00e4ude der Schreinerei Ziegelmeier in N\u00f6rdlingen vom 22. bis 24. November 2013<\/p>\n<p>2014&nbsp;&nbsp;&nbsp;&nbsp; Kunstprojekt an der Grundschule Kleinerdlingen-Ederheim: 13 Buben und M\u00e4dchen fertigen K\u00f6pfe aus Ytong und pr\u00e4sentieren die fertigen Arbeiten bei den Rieser Kulturtagen im Mai der \u00d6ffentlichkeit<\/p>\n<p>2015&nbsp;&nbsp;&nbsp;&nbsp; Teilnahme an den 8. Ateliertagen der Stadt N\u00f6rdlingen vom 22. bis 24. April 2015. 22 Ateliers \u00f6ffnen ihre Tore &#8211; Otto Troll ist zum sechsten Mal dabei.<\/p>\n<p>2016&nbsp;&nbsp;&nbsp;&nbsp; Skulpturen von Otto Troll in der N\u00f6rdlinger Schranne innerhalb der Rieser Kulturtage und der Ausstellung &#8222;Prisma&#8220;.<\/p>\n<p style=\"text-align: justify;\">2017&nbsp;&nbsp;&nbsp;&nbsp; Wiederum dabei bei den 9. Ateliertagen der Stadt N\u00f6rdlingen vom 12. bis 14. Mai 2017. Projektwoche an der Grund-und Mittelschule Deiningen im November 2017 unter dem Titel &#8222;Von der Kunst, Kunst zu erfahren&#8220;. Otto Troll gestaltet mit Sch\u00fclern der 8. Klasse grobe Bl\u00f6cke aus Ytong und l\u00e4sst sie zu menschlichen K\u00f6pfen formen. Die fertigen Arbeiten werden am 7. Dezember der \u00d6ffentlichkeit pr\u00e4sentiert.<\/p>\n<p>2018&nbsp;&nbsp;&nbsp; Ein weiterer Workshop Kunst an der Grundschule Kleinerdlingen-Ederheim. Aus vorgefertigten Ytong-Bl\u00f6cken l\u00e4sst Otto Troll die Kinder der dritten Klasse Figurten herausarbeiten und letztlich bemalen. Insgesamt vier Vormittage sind n\u00f6tig, um das Vorhaben zu einem guten Ende zu bringen. Auch deshalb bekommt das Projekt die Bezeichnung &#8222;Kunst braucht einen langen Atem&#8220;.<\/p>\n<p>2019&nbsp;&nbsp;&nbsp; Die 10. Offenen Ateliertage der Stadt N\u00f6rdlingen gehen an einem langen Wochenende im Mai \u00fcber die B\u00fchne &#8211; Otto Troll ist zum 8. Mal dabei.<\/p>\n<p>2019&nbsp;&nbsp;&nbsp; Projekttag &#8222;Kunst&#8220; an der Grundschule Schillerstra\u00dfe N\u00f6rdlingen. Mehr als 60 Buben und M\u00e4dchen fertigen unter der Anleitung von Otto Troll Namensschilder aus Ton.<\/p>\n<p>2019&nbsp;&nbsp;&nbsp; Den Capmarkt N\u00f6rdlingen gibt es seit zw\u00f6lf Jahren. Als die Gesch\u00e4ftsleitung bei Otto Troll anfragt, ob er die Jubil\u00e4umsfeier mit einer Skulpturenausstellung umrahmen m\u00f6chte, bekommt sie eine spontane Zusage. &nbsp;Mitte September stehen dann mehrere Skulpturen in ungewohnter Umgebung bei den Tomaten, den Salatk\u00f6pfen und den Einkaufswagen.<\/p>\n\n\n<p>2020         &#8222;Bl\u00fchendes Neresheim&#8220; &#8211; eine Gartenausstellung mitten im Ortskern, angereichert mit einem Skulpturenpfad, der zus\u00e4tzliche optische Reize vermittelt. Insgesamt zehn K\u00fcnstler aus der Region pr\u00e4sentieren Exponate in gro\u00dfer Vielfalt. Mit dabei ist Otto Troll, der mit &#8222;Bizarren Begegnungen&#8220;, &#8222;Luftr\u00f6hrenschnitt&#8220; und &#8222;Im Gespr\u00e4ch mit der Nachbarin&#8220; neue Arbeiten aus seinem k\u00fcnstlerischen Schaffen vorstellt. Dauer der Ausstellung: 18. Juli bis 19. September 2020.<\/p>\n\n\n\n<p> 2020     &#8222;Fahnenkunst&#8220; &#8211; Kunst an der Fahne &#8211; ein Projekt der Stadt N\u00f6rdlingen: 15 K\u00fcnstler sind dem Aufruf der Stadt N\u00f6rdlingen gefolgt, gro\u00dfe Fahnent\u00fccher (5 x 1,5 m) zu bemalen und an einem freien und gut einsehbaren Abschnitt der Stadtmauer zu pr\u00e4sentieren. Otto Troll zeigt mit seinem Beitrag ein ganz pers\u00f6nliches Erlebnis, das ihn mit dem N\u00f6rdlinger Stabenfest und insbesondere mit dem Erklettern des Stabenbaumes verbindet.<\/p>\n\n\n\n<p><\/p>\n\n\n\n<p>2021    Eine Neuauflage der so erfolgreichen Kunstaktion aus dem letzten Jahr erlebt zur Zeit die Stadt Neresheim. Im Stadtgarten wird dem \u00f6ffentlichen Publikum wiederum ein Skulpturenpfad pr\u00e4sentiert, an dem sich zw\u00f6lf K\u00fcnstler beteiligen. Otto Troll ist mit vier Exponaten dabei: &#8222;Astra&#8220; und &#8222;Zeneca&#8220; geben Zeugnis vom aktuellen Tagesgeschehen, als w\u00e4hrend der Corona-Pandemie Kunstschaffen nur im &#8222;stillen K\u00e4mmerlein&#8220; m\u00f6glich war &#8211; bei &#8222;Gut durchblutet&#8220; und &#8222;Mit Wei\u00df in den Tag&#8220; m\u00f6chte der K\u00fcnstler Zuversicht und Tatkraft zum Ausdruck bringen.                                       Dauer der Ausstellung: 19. Juni bis 19. Septembcer 2021.<\/p>\n\n\n\n<p><\/p>\n\n\n\n<p>2021     Nun gibt es in auch in N\u00f6rdlingen einen Kunstpfad &#8211; seit Mitte Juli 2021 pr\u00e4sentieren elf einheimische K\u00fcnstler in den Frickhinger Anlegen zwischen dem Minigolfplatz und dem Spielplatz in malerischer Umgebung neue Arbeiten aus den Bereichen Malerei, Installation und Skulptur. Otto Troll ist mit drei Exponaten vertreten. Der \u201eRastamann\u201c und seine Begleiterin \u201eMir geht\u2018s gut\u201c sowie das aufgefrischte \u201eNummerngirl\u201c geben Zeugnis von der Schaffenskraft der K\u00fcnstler auch in Corona-Zeiten.<\/p>\n\n\n\n<p>2022    Im Mai 2022 finden in N\u00f6rdlingen die 11. Ateliertage mit 22 lokalen K\u00fcnstlern statt. Otto Troll ist zum 9. Mal dabei und erf\u00e4hrt viel Lob und Anerkennung seitens der zahlreichen Besucher. W\u00e4hrend der Sommermonate (18. Juli bis 11. September) geht in Neresheim die dritte Auflage der Garten- und Kunstausstellung &#8222;Bl\u00fchendes Neresheim&#8220; \u00fcber die B\u00fchne. Otto Troll beteiligt sich mit zwei Exponaten (&#8222;Der Friede ist br\u00fcchig\u201c und &#8222;Der kleine Hofnarr&#8220;). <\/p>\n\n\n\n<p>2025     Einen weitreichenden Beschluss hat der Skulpturenk\u00fcnstler Otto Troll gefasst, wenn er erkl\u00e4rt, dass er von zuk\u00fcnftigen Ausstellungen und \u00f6ffentlichen Auftritten absehen wird. Grund daf\u00fcr sind die massiven Besch\u00e4digungen und Zerst\u00f6rungen mehrerer gro\u00dfer Skulpturen im Neresheimer Stadtgarten und in den Frickhinger Anlagen in N\u00f6rdlingen, die beim K\u00fcnstler doch deutliche Spuren hinterlassen haben.<\/p>\n\n\n\n<p>2025     Bei der Sommeraktion \u201cBl\u00fchendes Neresheim stellt der N\u00f6rdlinger Skulpturenk\u00fcnstler zum 5. Mal aus.<\/p>\n","protected":false},"excerpt":{"rendered":"<p>Austellungen 1990&nbsp;&nbsp;&nbsp; Lehrer als Hobbyk\u00fcnstler, N\u00f6rdlingen 1993 und 1994&nbsp;&nbsp;&nbsp; Nordschw\u00e4bische Kunstausstellung, Donauw\u00f6rth 2003&nbsp;&nbsp;&nbsp; 2. offene Ateliertage, N\u00f6rdlingen 2005&nbsp;&nbsp;&nbsp; 3. offene Ateliertage, N\u00f6rdlingen 2005&nbsp;&nbsp;&nbsp; &#8222;Kopf und K\u00f6rper&#8220;, Ausstellung im Schloss Reimlingen 2005&nbsp;&nbsp;&nbsp; &#8222;Kunst im Weinhof&#8220;, Malerei und Skulpturen in der Weinhandlung Binninger, N\u00f6rdlingen 2007&nbsp;&nbsp;&nbsp; 4. offene Ateliertage, N\u00f6rdlingen 2008&nbsp;&nbsp;&nbsp; Einzelausstellung im N\u00f6rdlinger Ochsenzwinger innerhalb der Rieser [&hellip;]<\/p>\n","protected":false},"author":1,"featured_media":0,"parent":0,"menu_order":3,"comment_status":"closed","ping_status":"closed","template":"about.php","meta":{"ngg_post_thumbnail":0},"_links":{"self":[{"href":"https:\/\/www.ottotroll.de\/wp\/wp-json\/wp\/v2\/pages\/24"}],"collection":[{"href":"https:\/\/www.ottotroll.de\/wp\/wp-json\/wp\/v2\/pages"}],"about":[{"href":"https:\/\/www.ottotroll.de\/wp\/wp-json\/wp\/v2\/types\/page"}],"author":[{"embeddable":true,"href":"https:\/\/www.ottotroll.de\/wp\/wp-json\/wp\/v2\/users\/1"}],"replies":[{"embeddable":true,"href":"https:\/\/www.ottotroll.de\/wp\/wp-json\/wp\/v2\/comments?post=24"}],"version-history":[{"count":70,"href":"https:\/\/www.ottotroll.de\/wp\/wp-json\/wp\/v2\/pages\/24\/revisions"}],"predecessor-version":[{"id":2046,"href":"https:\/\/www.ottotroll.de\/wp\/wp-json\/wp\/v2\/pages\/24\/revisions\/2046"}],"wp:attachment":[{"href":"https:\/\/www.ottotroll.de\/wp\/wp-json\/wp\/v2\/media?parent=24"}],"curies":[{"name":"wp","href":"https:\/\/api.w.org\/{rel}","templated":true}]}}